{"id":1872,"date":"2019-04-15T14:16:03","date_gmt":"2019-04-15T14:16:03","guid":{"rendered":"http:\/\/challenge-grancanaria.com\/resultados\/"},"modified":"2019-04-15T14:21:40","modified_gmt":"2019-04-15T14:21:40","slug":"results","status":"publish","type":"page","link":"https:\/\/challenge-grancanaria.com\/en\/results\/","title":{"rendered":"Results"},"content":{"rendered":"<div class=\"wpb-content-wrapper\">[vc_row css=&#8221;.vc_custom_1540395619333{padding-top: 50px !important;}&#8221;][vc_column][vc_column_text css=&#8221;.vc_custom_1555337710780{margin-bottom: 0px !important;}&#8221;]\n<h2>Challenge 4All<\/h2>\n[\/vc_column_text][\/vc_column][\/vc_row][vc_row css=&#8221;.vc_custom_1540395619333{padding-top: 50px !important;}&#8221;][vc_column width=&#8221;1\/2&#8243;][vc_column_text css=&#8221;.vc_custom_1555338029869{margin-bottom: 0px !important;}&#8221;]\n<h3>FEMALE CLASIFICATION<\/h3>\n<p>ABSOLUTE CATEGORY<\/p>\n<ol>\n<li>F\u00e1tima Carolina Gonz\u00e1lez Rodr\u00edguez<\/li>\n<li>Cristina Cabrera D\u00edaz<\/li>\n<li>Carolina Bola\u00f1os Viera<\/li>\n<\/ol>\n<p>VETERAN CATEGORY I<\/p>\n<ol>\n<li>Caroline Unger<\/li>\n<li>Guacimara Ram\u00edrez Gonz\u00e1lez<\/li>\n<li>Leticia Calcines P\u00e9rez<\/li>\n<\/ol>\n[\/vc_column_text][\/vc_column][vc_column width=&#8221;1\/2&#8243;][vc_column_text css=&#8221;.vc_custom_1555338094485{margin-bottom: 0px !important;}&#8221;]\n<h3>MALE CLASSIFICATION<\/h3>\n<p>JUNIOR CATEGORY<\/p>\n<ol>\n<li>Alesander Trujillo Santana<\/li>\n<\/ol>\n<p>ABSOLUTE CATEGORY<\/p>\n<ol>\n<li>Rub\u00e9n Arag\u00f3n<\/li>\n<li>Fernando Miranda Betancor<\/li>\n<li>Cristo P\u00e9rez Santana<\/li>\n<\/ol>\n<p><u>VETERAN CATEGORY I<\/u><\/p>\n<ol>\n<li>Jorge Mat\u00edas Ramos<\/li>\n<li>Pablo Mart\u00edn Vega<\/li>\n<li>Juan Jos\u00e9 Alem\u00e1n Cardona<\/li>\n<\/ol>\n<p><u>VETERAN CATEGORY II<\/u><\/p>\n<ol>\n<li>Andr\u00e9s Santana Rodr\u00edguez<\/li>\n<li>V\u00edctor Oca\u00f1a Mu\u00f1oz<\/li>\n<li>Gustavo Berm\u00fadez Santana<\/li>\n<\/ol>\n<p><u>VETERAN CATEGORY III<\/u><\/p>\n<ol>\n<li>Ugo Fabbri<\/li>\n<\/ol>\n[\/vc_column_text][\/vc_column][\/vc_row][vc_row fullwidth=&#8221;true&#8221; bg_type=&#8221;image&#8221; parallax_style=&#8221;vcpb-default&#8221; bg_image_new=&#8221;id^1119|url^https:\/\/challenge-grancanaria.com\/wp-content\/uploads\/sites\/18\/2018\/07\/gloria-palace.jpg|caption^null|alt^null|title^gloria-palace|description^null&#8221; bg_image_repeat=&#8221;no-repeat&#8221; bg_image_posiiton=&#8221;100%&#8221; bg_override=&#8221;full&#8221; css=&#8221;.vc_custom_1532518330981{padding-top: 80px !important;padding-bottom: 80px !important;background-image: url(https:\/\/challenge-grancanaria.com\/wp-content\/uploads\/sites\/18\/2018\/07\/gloria-palace.jpg?id=1119) !important;background-position: center !important;background-repeat: no-repeat !important;background-size: cover !important;}&#8221;][vc_column][mk_image src=&#8221;https:\/\/challenge-grancanaria.com\/wp-content\/uploads\/sites\/18\/2018\/07\/gloria-palace-logo.png&#8221; image_size=&#8221;full&#8221; align=&#8221;center&#8221; margin_bottom=&#8221;-50&#8243;][\/vc_column][\/vc_row][vc_row fullwidth=&#8221;true&#8221; equal_columns=&#8221;true&#8221; css=&#8221;.vc_custom_1532524480842{padding-top: 10px !important;padding-bottom: 10px !important;}&#8221;][vc_column width=&#8221;1\/4&#8243; css=&#8221;.vc_custom_1532519870702{padding-top: 130px !important;padding-right: 30px !important;padding-bottom: 130px !important;padding-left: 30px !important;background-image: url(https:\/\/challenge-grancanaria.com\/wp-content\/uploads\/sites\/18\/2018\/07\/mogan.jpg?id=1126) !important;}&#8221;][mk_image src=&#8221;https:\/\/challenge-grancanaria.com\/wp-content\/uploads\/sites\/18\/2018\/07\/mogan-logo.png&#8221; image_size=&#8221;full&#8221; link=&#8221;http:\/\/www.mogan.es\/&#8221; target=&#8221;_blank&#8221; align=&#8221;center&#8221; margin_bottom=&#8221;-50&#8243;][\/vc_column][vc_column width=&#8221;1\/4&#8243; css=&#8221;.vc_custom_1532519878027{padding-top: 130px !important;padding-right: 30px !important;padding-bottom: 130px !important;padding-left: 30px !important;background-image: url(https:\/\/challenge-grancanaria.com\/wp-content\/uploads\/sites\/18\/2018\/07\/grancanaria.jpg?id=1133) !important;background-position: center !important;background-repeat: no-repeat !important;background-size: cover !important;}&#8221;][mk_image src=&#8221;https:\/\/challenge-grancanaria.com\/wp-content\/uploads\/sites\/18\/2018\/07\/grancanaria-logo.png&#8221; image_size=&#8221;full&#8221; link=&#8221;http:\/\/www.grancanaria.com\/turismo\/es\/&#8221; target=&#8221;_blank&#8221; align=&#8221;center&#8221; margin_bottom=&#8221;-50&#8243;][\/vc_column][vc_column width=&#8221;1\/4&#8243; css=&#8221;.vc_custom_1532519885116{padding-top: 130px !important;padding-right: 30px !important;padding-bottom: 130px !important;padding-left: 30px !important;background-image: url(https:\/\/challenge-grancanaria.com\/wp-content\/uploads\/sites\/18\/2018\/07\/cabildo.jpg?id=1137) !important;background-position: center !important;background-repeat: no-repeat !important;background-size: cover !important;}&#8221;][mk_image src=&#8221;https:\/\/challenge-grancanaria.com\/wp-content\/uploads\/sites\/18\/2018\/07\/cabildo-logo-1.png&#8221; image_size=&#8221;full&#8221; link=&#8221;http:\/\/www.grancanaria.com\/&#8221; target=&#8221;_blank&#8221; align=&#8221;center&#8221; margin_bottom=&#8221;-50&#8243;][\/vc_column][vc_column width=&#8221;1\/4&#8243; css=&#8221;.vc_custom_1532519905307{padding-top: 130px !important;padding-right: 30px !important;padding-bottom: 130px !important;padding-left: 30px !important;background-image: url(https:\/\/challenge-grancanaria.com\/wp-content\/uploads\/sites\/18\/2018\/07\/islas-canarias-img.jpg?id=1140) !important;background-position: center !important;background-repeat: no-repeat !important;background-size: cover !important;}&#8221;][mk_image src=&#8221;https:\/\/challenge-grancanaria.com\/wp-content\/uploads\/sites\/18\/2018\/07\/islas-canarias-logo.png&#8221; image_size=&#8221;full&#8221; link=&#8221;http:\/\/www.holaislascanarias.com\/&#8221; target=&#8221;_blank&#8221; align=&#8221;center&#8221; margin_bottom=&#8221;-50&#8243;][\/vc_column][\/vc_row][vc_row fullwidth=&#8221;true&#8221; css=&#8221;.vc_custom_1532524463921{padding-top: 10px !important;padding-bottom: 10px !important;}&#8221;][vc_column][mk_divider style=&#8221;padding_space&#8221; margin_bottom=&#8221;60&#8243;]<div id=\"logooos875\" class=\"logooos_container logooos_notready\"><div class=\"logooos logooos_slider logooos_responsive logooos_withtooltip logooos_border logooos_listborder logooos_no_radius effect1 \" data-columnsnum=\"5\" data-marginbetweenitems=\"25px\" data-itemsheightpercentage=\"0.80\" data-hovereffect=\"effect1\" data-hovereffectcolor=\"#DCDCDC\" data-bordercolor=\"#DCDCDC\" data-autoplay=\"true\" data-circular=\"true\" data-transitioneffect=\"scroll\" data-easingfunction=\"quadratic\" data-scrollduration=\"1000\" data-pauseduration=\"9000\" data-buttonsbordercolor=\"#DCDCDC\" data-buttonsbgcolor=\"#FFFFFF\" data-pagination=\"disabled\" data-paginationcolor=\"#999999\" data-buttonsarrowscolor=\"logooos_lightgrayarrows\"  ><div class=\"logooos_item\" data-id=\"1159\" data-title=\"Gobierno Canarias\" style=\"background-color:transparent; border-color:#DCDCDC\">\n\t\t\t\t\t\t<a href=\"http:\/\/challengegrancanaria.com\/\" target=\"_blank\"><img decoding=\"async\" src=\"https:\/\/challenge-grancanaria.com\/wp-content\/uploads\/sites\/18\/2018\/07\/gobcan-seguridad-banner.jpg\" title=\"\" style=\"max-width:70% !important; max-height:70% !important;\" alt=\"Gobierno Canarias\" \/><\/a><\/div><div class=\"logooos_item\" data-id=\"3836\" data-title=\"\" style=\"background-color:transparent; border-color:#DCDCDC\">\n\t\t\t\t\t\t<a href=\"https:\/\/www.iampedal.com\/\" target=\"_blank\"><img decoding=\"async\" src=\"https:\/\/challenge-grancanaria.com\/wp-content\/uploads\/sites\/18\/2025\/06\/pedal_logo.jpg\" title=\"\" style=\"max-width:70% !important; max-height:70% !important;\" alt=\"\" \/><\/a><\/div><div class=\"logooos_item\" data-id=\"3642\" data-title=\"Aquabona\" style=\"background-color:transparent; border-color:#DCDCDC\">\n\t\t\t\t\t\t<a  target=\"_blank\"><img decoding=\"async\" src=\"https:\/\/challenge-grancanaria.com\/wp-content\/uploads\/sites\/18\/2025\/03\/aqu.png\" title=\"\" style=\"max-width:70% !important; max-height:70% !important;\" alt=\"Aquabona\" \/><\/a><\/div><div class=\"logooos_item\" data-id=\"1163\" data-title=\"Mog\u00e1n\" style=\"background-color:transparent; border-color:#DCDCDC\">\n\t\t\t\t\t\t<a href=\"https:\/\/www.grancanariatribikerun.com\/\" target=\"_blank\"><img decoding=\"async\" src=\"https:\/\/challenge-grancanaria.com\/wp-content\/uploads\/sites\/18\/2018\/07\/logo-mogan.png\" title=\"\" style=\"max-width:70% !important; max-height:70% !important;\" alt=\"Mog\u00e1n\" \/><\/a><\/div><div class=\"logooos_item\" data-id=\"2626\" data-title=\"Federaci\u00f3n Canaria de Triatl\u00f3n\" style=\"background-color:transparent; border-color:#DCDCDC\">\n\t\t\t\t\t\t<a href=\"http:\/\/www.fecantri.org\" target=\"_blank\"><img decoding=\"async\" src=\"https:\/\/challenge-grancanaria.com\/wp-content\/uploads\/sites\/18\/2022\/03\/fecantri.jpg\" title=\"\" style=\"max-width:70% !important; max-height:70% !important;\" alt=\"Federaci\u00f3n Canaria de Triatl\u00f3n\" \/><\/a><\/div><div class=\"logooos_item\" data-id=\"2648\" data-title=\"Powerade\" style=\"background-color:transparent; border-color:#DCDCDC\">\n\t\t\t\t\t\t<a href=\"https:\/\/www.coca-cola.com\/es\/es\/brands\/powerade\" target=\"_blank\"><img decoding=\"async\" src=\"https:\/\/challenge-grancanaria.com\/wp-content\/uploads\/sites\/18\/2022\/03\/76909179_powerade_logotype_primary_black-original-1.png\" title=\"\" style=\"max-width:70% !important; max-height:70% !important;\" alt=\"Powerade\" \/><\/a><\/div><div class=\"logooos_item\" data-id=\"2628\" data-title=\"C\u00e0domotus\" style=\"background-color:transparent; border-color:#DCDCDC\">\n\t\t\t\t\t\t<a href=\"https:\/\/www.cadomotus.com\/en\/triathlon\/\" target=\"_blank\"><img decoding=\"async\" src=\"https:\/\/challenge-grancanaria.com\/wp-content\/uploads\/sites\/18\/2022\/03\/cadomotus_logo_v_2020.jpg\" title=\"\" style=\"max-width:70% !important; max-height:70% !important;\" alt=\"C\u00e0domotus\" \/><\/a><\/div><\/div><\/div>[mk_padding_divider size=&#8221;60&#8243;][\/vc_column][\/vc_row]\n<\/div>","protected":false},"excerpt":{"rendered":"<p>[vc_row css=&#8221;.vc_custom_1540395619333{padding-top: 50px !important;}&#8221;][vc_column][vc_column_text css=&#8221;.vc_custom_1555337710780{margin-bottom: 0px !important;}&#8221;] Challenge 4All [\/vc_column_text][\/vc_column][\/vc_row][vc_row css=&#8221;.vc_custom_1540395619333{padding-top: 50px !important;}&#8221;][vc_column width=&#8221;1\/2&#8243;][vc_column_text css=&#8221;.vc_custom_1555338029869{margin-bottom: 0px !important;}&#8221;] FEMALE CLASIFICATION ABSOLUTE CATEGORY F\u00e1tima Carolina Gonz\u00e1lez Rodr\u00edguez Cristina Cabrera D\u00edaz Carolina Bola\u00f1os Viera VETERAN CATEGORY I Caroline Unger Guacimara Ram\u00edrez Gonz\u00e1lez Leticia Calcines P\u00e9rez [\/vc_column_text][\/vc_column][vc_column width=&#8221;1\/2&#8243;][vc_column_text css=&#8221;.vc_custom_1555338094485{margin-bottom: 0px !important;}&#8221;] MALE CLASSIFICATION JUNIOR CATEGORY Alesander Trujillo Santana ABSOLUTE [&hellip;]<\/p>\n","protected":false},"author":24,"featured_media":0,"parent":0,"menu_order":0,"comment_status":"closed","ping_status":"closed","template":"","meta":{"footnotes":""},"class_list":["post-1872","page","type-page","status-publish","hentry"],"yoast_head":"<!-- This site is optimized with the Yoast SEO plugin v25.6 - https:\/\/yoast.com\/wordpress\/plugins\/seo\/ -->\n<title>Results - Anfi Challenge Mogan - Gran Canaria<\/title>\n<meta name=\"robots\" content=\"index, follow, max-snippet:-1, max-image-preview:large, max-video-preview:-1\" \/>\n<link rel=\"canonical\" href=\"https:\/\/challenge-grancanaria.com\/en\/results\/\" \/>\n<meta property=\"og:locale\" content=\"en_US\" \/>\n<meta property=\"og:type\" content=\"article\" \/>\n<meta property=\"og:title\" content=\"Challenge 4ALL\" \/>\n<meta property=\"og:description\" content=\"Un recorrido especialmente ideado para los que se est\u00e1n iniciando en este deporte en la Playa de las Mara\u00f1uelas, Arguinegu\u00edn.\" \/>\n<meta property=\"og:url\" content=\"https:\/\/challenge-grancanaria.com\/en\/results\/\" \/>\n<meta property=\"og:site_name\" content=\"Anfi Challenge Mogan - Gran Canaria\" \/>\n<meta property=\"article:modified_time\" content=\"2019-04-15T14:21:40+00:00\" \/>\n<meta property=\"og:image\" content=\"https:\/\/challenge-grancanaria.com\/wp-content\/uploads\/sites\/18\/2019\/01\/challenge-4all-social.png\" \/>\n\t<meta property=\"og:image:width\" content=\"1200\" \/>\n\t<meta property=\"og:image:height\" content=\"628\" \/>\n\t<meta property=\"og:image:type\" content=\"image\/png\" \/>\n<meta name=\"twitter:card\" content=\"summary_large_image\" \/>\n<meta name=\"twitter:label1\" content=\"Est. reading time\" \/>\n\t<meta name=\"twitter:data1\" content=\"3 minutes\" \/>\n<script type=\"application\/ld+json\" class=\"yoast-schema-graph\">{\"@context\":\"https:\/\/schema.org\",\"@graph\":[{\"@type\":\"WebPage\",\"@id\":\"https:\/\/challenge-grancanaria.com\/en\/results\/\",\"url\":\"https:\/\/challenge-grancanaria.com\/en\/results\/\",\"name\":\"Results - Anfi Challenge Mogan - Gran Canaria\",\"isPartOf\":{\"@id\":\"https:\/\/challenge-grancanaria.com\/#website\"},\"datePublished\":\"2019-04-15T14:16:03+00:00\",\"dateModified\":\"2019-04-15T14:21:40+00:00\",\"breadcrumb\":{\"@id\":\"https:\/\/challenge-grancanaria.com\/en\/results\/#breadcrumb\"},\"inLanguage\":\"en-US\",\"potentialAction\":[{\"@type\":\"ReadAction\",\"target\":[\"https:\/\/challenge-grancanaria.com\/en\/results\/\"]}]},{\"@type\":\"BreadcrumbList\",\"@id\":\"https:\/\/challenge-grancanaria.com\/en\/results\/#breadcrumb\",\"itemListElement\":[{\"@type\":\"ListItem\",\"position\":1,\"name\":\"Home\",\"item\":\"https:\/\/challenge-grancanaria.com\/en\/\"},{\"@type\":\"ListItem\",\"position\":2,\"name\":\"Results\"}]},{\"@type\":\"WebSite\",\"@id\":\"https:\/\/challenge-grancanaria.com\/#website\",\"url\":\"https:\/\/challenge-grancanaria.com\/\",\"name\":\"Anfi Challenge Mogan - Gran Canaria\",\"description\":\"We are triathlon\",\"potentialAction\":[{\"@type\":\"SearchAction\",\"target\":{\"@type\":\"EntryPoint\",\"urlTemplate\":\"https:\/\/challenge-grancanaria.com\/?s={search_term_string}\"},\"query-input\":{\"@type\":\"PropertyValueSpecification\",\"valueRequired\":true,\"valueName\":\"search_term_string\"}}],\"inLanguage\":\"en-US\"}]}<\/script>\n<!-- \/ Yoast SEO plugin. -->","yoast_head_json":{"title":"Results - Anfi Challenge Mogan - Gran Canaria","robots":{"index":"index","follow":"follow","max-snippet":"max-snippet:-1","max-image-preview":"max-image-preview:large","max-video-preview":"max-video-preview:-1"},"canonical":"https:\/\/challenge-grancanaria.com\/en\/results\/","og_locale":"en_US","og_type":"article","og_title":"Challenge 4ALL","og_description":"Un recorrido especialmente ideado para los que se est\u00e1n iniciando en este deporte en la Playa de las Mara\u00f1uelas, Arguinegu\u00edn.","og_url":"https:\/\/challenge-grancanaria.com\/en\/results\/","og_site_name":"Anfi Challenge Mogan - Gran Canaria","article_modified_time":"2019-04-15T14:21:40+00:00","og_image":[{"width":1200,"height":628,"url":"https:\/\/challenge-grancanaria.com\/wp-content\/uploads\/sites\/18\/2019\/01\/challenge-4all-social.png","type":"image\/png"}],"twitter_card":"summary_large_image","twitter_misc":{"Est. reading time":"3 minutes"},"schema":{"@context":"https:\/\/schema.org","@graph":[{"@type":"WebPage","@id":"https:\/\/challenge-grancanaria.com\/en\/results\/","url":"https:\/\/challenge-grancanaria.com\/en\/results\/","name":"Results - Anfi Challenge Mogan - Gran Canaria","isPartOf":{"@id":"https:\/\/challenge-grancanaria.com\/#website"},"datePublished":"2019-04-15T14:16:03+00:00","dateModified":"2019-04-15T14:21:40+00:00","breadcrumb":{"@id":"https:\/\/challenge-grancanaria.com\/en\/results\/#breadcrumb"},"inLanguage":"en-US","potentialAction":[{"@type":"ReadAction","target":["https:\/\/challenge-grancanaria.com\/en\/results\/"]}]},{"@type":"BreadcrumbList","@id":"https:\/\/challenge-grancanaria.com\/en\/results\/#breadcrumb","itemListElement":[{"@type":"ListItem","position":1,"name":"Home","item":"https:\/\/challenge-grancanaria.com\/en\/"},{"@type":"ListItem","position":2,"name":"Results"}]},{"@type":"WebSite","@id":"https:\/\/challenge-grancanaria.com\/#website","url":"https:\/\/challenge-grancanaria.com\/","name":"Anfi Challenge Mogan - Gran Canaria","description":"We are triathlon","potentialAction":[{"@type":"SearchAction","target":{"@type":"EntryPoint","urlTemplate":"https:\/\/challenge-grancanaria.com\/?s={search_term_string}"},"query-input":{"@type":"PropertyValueSpecification","valueRequired":true,"valueName":"search_term_string"}}],"inLanguage":"en-US"}]}},"_links":{"self":[{"href":"https:\/\/challenge-grancanaria.com\/en\/wp-json\/wp\/v2\/pages\/1872"}],"collection":[{"href":"https:\/\/challenge-grancanaria.com\/en\/wp-json\/wp\/v2\/pages"}],"about":[{"href":"https:\/\/challenge-grancanaria.com\/en\/wp-json\/wp\/v2\/types\/page"}],"author":[{"embeddable":true,"href":"https:\/\/challenge-grancanaria.com\/en\/wp-json\/wp\/v2\/users\/24"}],"replies":[{"embeddable":true,"href":"https:\/\/challenge-grancanaria.com\/en\/wp-json\/wp\/v2\/comments?post=1872"}],"version-history":[{"count":2,"href":"https:\/\/challenge-grancanaria.com\/en\/wp-json\/wp\/v2\/pages\/1872\/revisions"}],"predecessor-version":[{"id":1874,"href":"https:\/\/challenge-grancanaria.com\/en\/wp-json\/wp\/v2\/pages\/1872\/revisions\/1874"}],"wp:attachment":[{"href":"https:\/\/challenge-grancanaria.com\/en\/wp-json\/wp\/v2\/media?parent=1872"}],"curies":[{"name":"wp","href":"https:\/\/api.w.org\/{rel}","templated":true}]}}