{"id":1373,"date":"2018-07-30T15:01:22","date_gmt":"2018-07-30T15:01:22","guid":{"rendered":"http:\/\/www.challenge-family.com\/gran-canaria\/tri-expo-amadores-mogan\/"},"modified":"2019-02-27T11:34:48","modified_gmt":"2019-02-27T11:34:48","slug":"tri-expo-amadores-mogan","status":"publish","type":"page","link":"https:\/\/challenge-grancanaria.com\/en\/tri-expo-amadores-mogan\/","title":{"rendered":"TRI EXPO"},"content":{"rendered":"<div class=\"wpb-content-wrapper\">[vc_row fullwidth=&#8221;true&#8221; bg_type=&#8221;image&#8221; css=&#8221;.vc_custom_1532962825006{padding-top: 150px !important;padding-bottom: 150px !important;background-image: url(https:\/\/challenge-grancanaria.com\/wp-content\/uploads\/sites\/18\/2018\/07\/tri-expo.jpg?id=1253) !important;background-position: center !important;background-repeat: no-repeat !important;background-size: cover !important;}&#8221;][vc_column][\/vc_column][\/vc_row][vc_row el_class=&#8221;time-schedule&#8221; css=&#8221;.vc_custom_1532962903747{padding-top: 60px !important;padding-bottom: 60px !important;}&#8221;][vc_column width=&#8221;1\/2&#8243;][mk_image src=&#8221;https:\/\/challenge-grancanaria.com\/wp-content\/uploads\/sites\/18\/2018\/07\/triexpo-img.jpg&#8221; image_size=&#8221;full&#8221;][\/vc_column][vc_column width=&#8221;1\/2&#8243;][vc_column_text css=&#8221;.vc_custom_1535536253706{margin-bottom: 0px !important;padding-top: 0px !important;}&#8221;]\n<h2>DO YOU WANT TO BE AT THE CHALLENGE MOG\u00c1N GRANCANARIA FAIR?<\/h2>\n<div class=\"page\" title=\"Page 1\">\n<div class=\"layoutArea\">\n<div class=\"column\">\n<p>The<strong> Fair Challenge Mog\u00e1n Gran Canaria<\/strong> is open to all companies, institutions and other organizations that offer products and services of interest to participants and visitors of the event. It is located 200 meters from the departure and arrival area.<\/p>\n<p>The location of the services and activities of the competition itself have been carefully defined in order to make it easier for participants and accompanying persons to access the fair.<\/p>\n<p>The <strong>Tri Expo<\/strong> is located on the promenade of Amadores, and is open to all, so the influx of people, triathletes, family, friends, and tourists who spend their holidays on the coast of the Municipality of Mog\u00e1n: Puerto Rico, Amadores, Arguinegu\u00edn and Mog\u00e1n.<\/p>\n<\/div>\n<\/div>\n<\/div>\n[\/vc_column_text][\/vc_column][\/vc_row][vc_row fullwidth=&#8221;true&#8221; bg_type=&#8221;image&#8221; parallax_style=&#8221;vcpb-default&#8221; bg_image_new=&#8221;id^1119|url^https:\/\/challenge-grancanaria.com\/wp-content\/uploads\/sites\/18\/2018\/07\/gloria-palace.jpg|caption^null|alt^null|title^gloria-palace|description^null&#8221; bg_image_repeat=&#8221;no-repeat&#8221; bg_image_posiiton=&#8221;100%&#8221; bg_override=&#8221;full&#8221; css=&#8221;.vc_custom_1532518330981{padding-top: 80px !important;padding-bottom: 80px !important;background-image: url(https:\/\/challenge-grancanaria.com\/wp-content\/uploads\/sites\/18\/2018\/07\/gloria-palace.jpg?id=1119) !important;background-position: center !important;background-repeat: no-repeat !important;background-size: cover !important;}&#8221;][vc_column][mk_image src=&#8221;https:\/\/challenge-grancanaria.com\/wp-content\/uploads\/sites\/18\/2018\/07\/gloria-palace-logo.png&#8221; image_size=&#8221;full&#8221; align=&#8221;center&#8221; margin_bottom=&#8221;-50&#8243;][\/vc_column][\/vc_row][vc_row fullwidth=&#8221;true&#8221; equal_columns=&#8221;true&#8221; css=&#8221;.vc_custom_1532524480842{padding-top: 10px !important;padding-bottom: 10px !important;}&#8221;][vc_column width=&#8221;1\/4&#8243; css=&#8221;.vc_custom_1532519870702{padding-top: 130px !important;padding-right: 30px !important;padding-bottom: 130px !important;padding-left: 30px !important;background-image: url(https:\/\/challenge-grancanaria.com\/wp-content\/uploads\/sites\/18\/2018\/07\/mogan.jpg?id=1126) !important;}&#8221;][mk_image src=&#8221;https:\/\/challenge-grancanaria.com\/wp-content\/uploads\/sites\/18\/2018\/07\/mogan-logo.png&#8221; image_size=&#8221;full&#8221; link=&#8221;http:\/\/www.mogan.es\/&#8221; target=&#8221;_blank&#8221; align=&#8221;center&#8221; margin_bottom=&#8221;-50&#8243;][\/vc_column][vc_column width=&#8221;1\/4&#8243; css=&#8221;.vc_custom_1532519878027{padding-top: 130px !important;padding-right: 30px !important;padding-bottom: 130px !important;padding-left: 30px !important;background-image: url(https:\/\/challenge-grancanaria.com\/wp-content\/uploads\/sites\/18\/2018\/07\/grancanaria.jpg?id=1133) !important;background-position: center !important;background-repeat: no-repeat !important;background-size: cover !important;}&#8221;][mk_image src=&#8221;https:\/\/challenge-grancanaria.com\/wp-content\/uploads\/sites\/18\/2018\/07\/grancanaria-logo.png&#8221; image_size=&#8221;full&#8221; link=&#8221;http:\/\/www.grancanaria.com\/turismo\/es\/&#8221; target=&#8221;_blank&#8221; align=&#8221;center&#8221; margin_bottom=&#8221;-50&#8243;][\/vc_column][vc_column width=&#8221;1\/4&#8243; css=&#8221;.vc_custom_1532519885116{padding-top: 130px !important;padding-right: 30px !important;padding-bottom: 130px !important;padding-left: 30px !important;background-image: url(https:\/\/challenge-grancanaria.com\/wp-content\/uploads\/sites\/18\/2018\/07\/cabildo.jpg?id=1137) !important;background-position: center !important;background-repeat: no-repeat !important;background-size: cover !important;}&#8221;][mk_image src=&#8221;https:\/\/challenge-grancanaria.com\/wp-content\/uploads\/sites\/18\/2018\/07\/cabildo-logo-1.png&#8221; image_size=&#8221;full&#8221; link=&#8221;http:\/\/www.grancanaria.com\/&#8221; target=&#8221;_blank&#8221; align=&#8221;center&#8221; margin_bottom=&#8221;-50&#8243;][\/vc_column][vc_column width=&#8221;1\/4&#8243; css=&#8221;.vc_custom_1532519905307{padding-top: 130px !important;padding-right: 30px !important;padding-bottom: 130px !important;padding-left: 30px !important;background-image: url(https:\/\/challenge-grancanaria.com\/wp-content\/uploads\/sites\/18\/2018\/07\/islas-canarias-img.jpg?id=1140) !important;background-position: center !important;background-repeat: no-repeat !important;background-size: cover !important;}&#8221;][mk_image src=&#8221;https:\/\/challenge-grancanaria.com\/wp-content\/uploads\/sites\/18\/2018\/07\/islas-canarias-logo.png&#8221; image_size=&#8221;full&#8221; link=&#8221;http:\/\/www.holaislascanarias.com\/&#8221; target=&#8221;_blank&#8221; align=&#8221;center&#8221; margin_bottom=&#8221;-50&#8243;][\/vc_column][\/vc_row][vc_row fullwidth=&#8221;true&#8221; css=&#8221;.vc_custom_1532524463921{padding-top: 10px !important;padding-bottom: 10px !important;}&#8221;][vc_column][mk_divider style=&#8221;padding_space&#8221; margin_bottom=&#8221;60&#8243;]<div id=\"logooos875\" class=\"logooos_container logooos_notready\"><div class=\"logooos logooos_slider logooos_responsive logooos_withtooltip logooos_border logooos_listborder logooos_no_radius effect1 \" data-columnsnum=\"5\" data-marginbetweenitems=\"25px\" data-itemsheightpercentage=\"0.80\" data-hovereffect=\"effect1\" data-hovereffectcolor=\"#DCDCDC\" data-bordercolor=\"#DCDCDC\" data-autoplay=\"true\" data-circular=\"true\" data-transitioneffect=\"scroll\" data-easingfunction=\"quadratic\" data-scrollduration=\"1000\" data-pauseduration=\"9000\" data-buttonsbordercolor=\"#DCDCDC\" data-buttonsbgcolor=\"#FFFFFF\" data-pagination=\"disabled\" data-paginationcolor=\"#999999\" data-buttonsarrowscolor=\"logooos_lightgrayarrows\"  ><div class=\"logooos_item\" data-id=\"2628\" data-title=\"C\u00e0domotus\" style=\"background-color:transparent; border-color:#DCDCDC\">\n\t\t\t\t\t\t<a href=\"https:\/\/www.cadomotus.com\/en\/triathlon\/\" target=\"_blank\"><img decoding=\"async\" src=\"https:\/\/challenge-grancanaria.com\/wp-content\/uploads\/sites\/18\/2022\/03\/cadomotus_logo_v_2020.jpg\" title=\"\" style=\"max-width:70% !important; max-height:70% !important;\" alt=\"C\u00e0domotus\" \/><\/a><\/div><div class=\"logooos_item\" data-id=\"2648\" data-title=\"Powerade\" style=\"background-color:transparent; border-color:#DCDCDC\">\n\t\t\t\t\t\t<a href=\"https:\/\/www.coca-cola.com\/es\/es\/brands\/powerade\" target=\"_blank\"><img decoding=\"async\" src=\"https:\/\/challenge-grancanaria.com\/wp-content\/uploads\/sites\/18\/2022\/03\/76909179_powerade_logotype_primary_black-original-1.png\" title=\"\" style=\"max-width:70% !important; max-height:70% !important;\" alt=\"Powerade\" \/><\/a><\/div><div class=\"logooos_item\" data-id=\"1163\" data-title=\"Mog\u00e1n\" style=\"background-color:transparent; border-color:#DCDCDC\">\n\t\t\t\t\t\t<a href=\"https:\/\/www.grancanariatribikerun.com\/\" target=\"_blank\"><img decoding=\"async\" src=\"https:\/\/challenge-grancanaria.com\/wp-content\/uploads\/sites\/18\/2018\/07\/logo-mogan.png\" title=\"\" style=\"max-width:70% !important; max-height:70% !important;\" alt=\"Mog\u00e1n\" \/><\/a><\/div><div class=\"logooos_item\" data-id=\"1159\" data-title=\"Gobierno Canarias\" style=\"background-color:transparent; border-color:#DCDCDC\">\n\t\t\t\t\t\t<a href=\"http:\/\/challengegrancanaria.com\/\" target=\"_blank\"><img decoding=\"async\" src=\"https:\/\/challenge-grancanaria.com\/wp-content\/uploads\/sites\/18\/2018\/07\/gobcan-seguridad-banner.jpg\" title=\"\" style=\"max-width:70% !important; max-height:70% !important;\" alt=\"Gobierno Canarias\" \/><\/a><\/div><div class=\"logooos_item\" data-id=\"3836\" data-title=\"\" style=\"background-color:transparent; border-color:#DCDCDC\">\n\t\t\t\t\t\t<a href=\"https:\/\/www.iampedal.com\/\" target=\"_blank\"><img decoding=\"async\" src=\"https:\/\/challenge-grancanaria.com\/wp-content\/uploads\/sites\/18\/2025\/06\/pedal_logo.jpg\" title=\"\" style=\"max-width:70% !important; max-height:70% !important;\" alt=\"\" \/><\/a><\/div><div class=\"logooos_item\" data-id=\"3642\" data-title=\"Aquabona\" style=\"background-color:transparent; border-color:#DCDCDC\">\n\t\t\t\t\t\t<a  target=\"_blank\"><img decoding=\"async\" src=\"https:\/\/challenge-grancanaria.com\/wp-content\/uploads\/sites\/18\/2025\/03\/aqu.png\" title=\"\" style=\"max-width:70% !important; max-height:70% !important;\" alt=\"Aquabona\" \/><\/a><\/div><div class=\"logooos_item\" data-id=\"2626\" data-title=\"Federaci\u00f3n Canaria de Triatl\u00f3n\" style=\"background-color:transparent; border-color:#DCDCDC\">\n\t\t\t\t\t\t<a href=\"http:\/\/www.fecantri.org\" target=\"_blank\"><img decoding=\"async\" src=\"https:\/\/challenge-grancanaria.com\/wp-content\/uploads\/sites\/18\/2022\/03\/fecantri.jpg\" title=\"\" style=\"max-width:70% !important; max-height:70% !important;\" alt=\"Federaci\u00f3n Canaria de Triatl\u00f3n\" \/><\/a><\/div><\/div><\/div>[mk_padding_divider size=&#8221;60&#8243;][\/vc_column][\/vc_row]\n<\/div>","protected":false},"excerpt":{"rendered":"<p>[vc_row fullwidth=&#8221;true&#8221; bg_type=&#8221;image&#8221; css=&#8221;.vc_custom_1532962825006{padding-top: 150px !important;padding-bottom: 150px !important;background-image: url(https:\/\/challenge-grancanaria.com\/wp-content\/uploads\/sites\/18\/2018\/07\/tri-expo.jpg?id=1253) !important;background-position: center !important;background-repeat: no-repeat !important;background-size: cover !important;}&#8221;][vc_column][\/vc_column][\/vc_row][vc_row el_class=&#8221;time-schedule&#8221; css=&#8221;.vc_custom_1532962903747{padding-top: 60px !important;padding-bottom: 60px !important;}&#8221;][vc_column width=&#8221;1\/2&#8243;][mk_image src=&#8221;https:\/\/challenge-grancanaria.com\/wp-content\/uploads\/sites\/18\/2018\/07\/triexpo-img.jpg&#8221; image_size=&#8221;full&#8221;][\/vc_column][vc_column width=&#8221;1\/2&#8243;][vc_column_text css=&#8221;.vc_custom_1535536253706{margin-bottom: 0px !important;padding-top: 0px !important;}&#8221;] DO YOU WANT TO BE AT THE CHALLENGE MOG\u00c1N GRANCANARIA FAIR? The Fair Challenge Mog\u00e1n Gran Canaria is open to all companies, institutions and [&hellip;]<\/p>\n","protected":false},"author":24,"featured_media":0,"parent":0,"menu_order":0,"comment_status":"closed","ping_status":"closed","template":"","meta":{"footnotes":""},"class_list":["post-1373","page","type-page","status-publish","hentry"],"yoast_head":"<!-- This site is optimized with the Yoast SEO plugin v25.6 - https:\/\/yoast.com\/wordpress\/plugins\/seo\/ -->\n<title>TRI EXPO - Anfi Challenge Mogan - Gran Canaria<\/title>\n<meta name=\"robots\" content=\"index, follow, max-snippet:-1, max-image-preview:large, max-video-preview:-1\" \/>\n<link rel=\"canonical\" href=\"https:\/\/challenge-grancanaria.com\/en\/tri-expo-amadores-mogan\/\" \/>\n<meta property=\"og:locale\" content=\"en_US\" \/>\n<meta property=\"og:type\" content=\"article\" \/>\n<meta property=\"og:title\" content=\"TRI EXPO - Anfi Challenge Mogan - Gran Canaria\" \/>\n<meta property=\"og:description\" content=\"[vc_row fullwidth=&#8221;true&#8221; bg_type=&#8221;image&#8221; css=&#8221;.vc_custom_1532962825006{padding-top: 150px !important;padding-bottom: 150px !important;background-image: url(https:\/\/challenge-grancanaria.com\/wp-content\/uploads\/sites\/18\/2018\/07\/tri-expo.jpg?id=1253) !important;background-position: center !important;background-repeat: no-repeat !important;background-size: cover !important;}&#8221;][vc_column][\/vc_column][\/vc_row][vc_row el_class=&#8221;time-schedule&#8221; css=&#8221;.vc_custom_1532962903747{padding-top: 60px !important;padding-bottom: 60px !important;}&#8221;][vc_column width=&#8221;1\/2&#8243;][mk_image src=&#8221;https:\/\/challenge-grancanaria.com\/wp-content\/uploads\/sites\/18\/2018\/07\/triexpo-img.jpg&#8221; image_size=&#8221;full&#8221;][\/vc_column][vc_column width=&#8221;1\/2&#8243;][vc_column_text css=&#8221;.vc_custom_1535536253706{margin-bottom: 0px !important;padding-top: 0px !important;}&#8221;] DO YOU WANT TO BE AT THE CHALLENGE MOG\u00c1N GRANCANARIA FAIR? The Fair Challenge Mog\u00e1n Gran Canaria is open to all companies, institutions and [&hellip;]\" \/>\n<meta property=\"og:url\" content=\"https:\/\/challenge-grancanaria.com\/en\/tri-expo-amadores-mogan\/\" \/>\n<meta property=\"og:site_name\" content=\"Anfi Challenge Mogan - Gran Canaria\" \/>\n<meta property=\"article:modified_time\" content=\"2019-02-27T11:34:48+00:00\" \/>\n<meta name=\"twitter:card\" content=\"summary_large_image\" \/>\n<meta name=\"twitter:label1\" content=\"Est. reading time\" \/>\n\t<meta name=\"twitter:data1\" content=\"3 minutes\" \/>\n<script type=\"application\/ld+json\" class=\"yoast-schema-graph\">{\"@context\":\"https:\/\/schema.org\",\"@graph\":[{\"@type\":\"WebPage\",\"@id\":\"https:\/\/challenge-grancanaria.com\/en\/tri-expo-amadores-mogan\/\",\"url\":\"https:\/\/challenge-grancanaria.com\/en\/tri-expo-amadores-mogan\/\",\"name\":\"TRI EXPO - Anfi Challenge Mogan - Gran Canaria\",\"isPartOf\":{\"@id\":\"https:\/\/challenge-grancanaria.com\/#website\"},\"datePublished\":\"2018-07-30T15:01:22+00:00\",\"dateModified\":\"2019-02-27T11:34:48+00:00\",\"breadcrumb\":{\"@id\":\"https:\/\/challenge-grancanaria.com\/en\/tri-expo-amadores-mogan\/#breadcrumb\"},\"inLanguage\":\"en-US\",\"potentialAction\":[{\"@type\":\"ReadAction\",\"target\":[\"https:\/\/challenge-grancanaria.com\/en\/tri-expo-amadores-mogan\/\"]}]},{\"@type\":\"BreadcrumbList\",\"@id\":\"https:\/\/challenge-grancanaria.com\/en\/tri-expo-amadores-mogan\/#breadcrumb\",\"itemListElement\":[{\"@type\":\"ListItem\",\"position\":1,\"name\":\"Home\",\"item\":\"https:\/\/challenge-grancanaria.com\/en\/\"},{\"@type\":\"ListItem\",\"position\":2,\"name\":\"TRI EXPO\"}]},{\"@type\":\"WebSite\",\"@id\":\"https:\/\/challenge-grancanaria.com\/#website\",\"url\":\"https:\/\/challenge-grancanaria.com\/\",\"name\":\"Anfi Challenge Mogan - Gran Canaria\",\"description\":\"We are triathlon\",\"potentialAction\":[{\"@type\":\"SearchAction\",\"target\":{\"@type\":\"EntryPoint\",\"urlTemplate\":\"https:\/\/challenge-grancanaria.com\/?s={search_term_string}\"},\"query-input\":{\"@type\":\"PropertyValueSpecification\",\"valueRequired\":true,\"valueName\":\"search_term_string\"}}],\"inLanguage\":\"en-US\"}]}<\/script>\n<!-- \/ Yoast SEO plugin. -->","yoast_head_json":{"title":"TRI EXPO - Anfi Challenge Mogan - Gran Canaria","robots":{"index":"index","follow":"follow","max-snippet":"max-snippet:-1","max-image-preview":"max-image-preview:large","max-video-preview":"max-video-preview:-1"},"canonical":"https:\/\/challenge-grancanaria.com\/en\/tri-expo-amadores-mogan\/","og_locale":"en_US","og_type":"article","og_title":"TRI EXPO - Anfi Challenge Mogan - Gran Canaria","og_description":"[vc_row fullwidth=&#8221;true&#8221; bg_type=&#8221;image&#8221; css=&#8221;.vc_custom_1532962825006{padding-top: 150px !important;padding-bottom: 150px !important;background-image: url(https:\/\/challenge-grancanaria.com\/wp-content\/uploads\/sites\/18\/2018\/07\/tri-expo.jpg?id=1253) !important;background-position: center !important;background-repeat: no-repeat !important;background-size: cover !important;}&#8221;][vc_column][\/vc_column][\/vc_row][vc_row el_class=&#8221;time-schedule&#8221; css=&#8221;.vc_custom_1532962903747{padding-top: 60px !important;padding-bottom: 60px !important;}&#8221;][vc_column width=&#8221;1\/2&#8243;][mk_image src=&#8221;https:\/\/challenge-grancanaria.com\/wp-content\/uploads\/sites\/18\/2018\/07\/triexpo-img.jpg&#8221; image_size=&#8221;full&#8221;][\/vc_column][vc_column width=&#8221;1\/2&#8243;][vc_column_text css=&#8221;.vc_custom_1535536253706{margin-bottom: 0px !important;padding-top: 0px !important;}&#8221;] DO YOU WANT TO BE AT THE CHALLENGE MOG\u00c1N GRANCANARIA FAIR? The Fair Challenge Mog\u00e1n Gran Canaria is open to all companies, institutions and [&hellip;]","og_url":"https:\/\/challenge-grancanaria.com\/en\/tri-expo-amadores-mogan\/","og_site_name":"Anfi Challenge Mogan - Gran Canaria","article_modified_time":"2019-02-27T11:34:48+00:00","twitter_card":"summary_large_image","twitter_misc":{"Est. reading time":"3 minutes"},"schema":{"@context":"https:\/\/schema.org","@graph":[{"@type":"WebPage","@id":"https:\/\/challenge-grancanaria.com\/en\/tri-expo-amadores-mogan\/","url":"https:\/\/challenge-grancanaria.com\/en\/tri-expo-amadores-mogan\/","name":"TRI EXPO - Anfi Challenge Mogan - Gran Canaria","isPartOf":{"@id":"https:\/\/challenge-grancanaria.com\/#website"},"datePublished":"2018-07-30T15:01:22+00:00","dateModified":"2019-02-27T11:34:48+00:00","breadcrumb":{"@id":"https:\/\/challenge-grancanaria.com\/en\/tri-expo-amadores-mogan\/#breadcrumb"},"inLanguage":"en-US","potentialAction":[{"@type":"ReadAction","target":["https:\/\/challenge-grancanaria.com\/en\/tri-expo-amadores-mogan\/"]}]},{"@type":"BreadcrumbList","@id":"https:\/\/challenge-grancanaria.com\/en\/tri-expo-amadores-mogan\/#breadcrumb","itemListElement":[{"@type":"ListItem","position":1,"name":"Home","item":"https:\/\/challenge-grancanaria.com\/en\/"},{"@type":"ListItem","position":2,"name":"TRI EXPO"}]},{"@type":"WebSite","@id":"https:\/\/challenge-grancanaria.com\/#website","url":"https:\/\/challenge-grancanaria.com\/","name":"Anfi Challenge Mogan - Gran Canaria","description":"We are triathlon","potentialAction":[{"@type":"SearchAction","target":{"@type":"EntryPoint","urlTemplate":"https:\/\/challenge-grancanaria.com\/?s={search_term_string}"},"query-input":{"@type":"PropertyValueSpecification","valueRequired":true,"valueName":"search_term_string"}}],"inLanguage":"en-US"}]}},"_links":{"self":[{"href":"https:\/\/challenge-grancanaria.com\/en\/wp-json\/wp\/v2\/pages\/1373"}],"collection":[{"href":"https:\/\/challenge-grancanaria.com\/en\/wp-json\/wp\/v2\/pages"}],"about":[{"href":"https:\/\/challenge-grancanaria.com\/en\/wp-json\/wp\/v2\/types\/page"}],"author":[{"embeddable":true,"href":"https:\/\/challenge-grancanaria.com\/en\/wp-json\/wp\/v2\/users\/24"}],"replies":[{"embeddable":true,"href":"https:\/\/challenge-grancanaria.com\/en\/wp-json\/wp\/v2\/comments?post=1373"}],"version-history":[{"count":4,"href":"https:\/\/challenge-grancanaria.com\/en\/wp-json\/wp\/v2\/pages\/1373\/revisions"}],"predecessor-version":[{"id":1769,"href":"https:\/\/challenge-grancanaria.com\/en\/wp-json\/wp\/v2\/pages\/1373\/revisions\/1769"}],"wp:attachment":[{"href":"https:\/\/challenge-grancanaria.com\/en\/wp-json\/wp\/v2\/media?parent=1373"}],"curies":[{"name":"wp","href":"https:\/\/api.w.org\/{rel}","templated":true}]}}